{"id":14320,"date":"2025-02-27T10:42:12","date_gmt":"2025-02-27T08:42:12","guid":{"rendered":"https:\/\/cksva.cz\/?page_id=14320"},"modified":"2025-07-07T12:48:23","modified_gmt":"2025-07-07T09:48:23","slug":"2025-knihovna","status":"publish","type":"page","link":"https:\/\/cksva.cz\/el\/2025-knihovna\/","title":{"rendered":"2025 Knihovna"},"content":{"rendered":"<div class=\"fusion-fullwidth fullwidth-box fusion-builder-row-1 fusion-flex-container has-pattern-background has-mask-background nonhundred-percent-fullwidth non-hundred-percent-height-scrolling\" style=\"--awb-border-radius-top-left:0px;--awb-border-radius-top-right:0px;--awb-border-radius-bottom-right:0px;--awb-border-radius-bottom-left:0px;--awb-flex-wrap:wrap;\" ><div class=\"fusion-builder-row fusion-row fusion-flex-align-items-center fusion-flex-justify-content-center fusion-flex-content-wrap\" style=\"max-width:1248px;margin-left: calc(-4% \/ 2 );margin-right: calc(-4% \/ 2 );\"><div class=\"fusion-layout-column fusion_builder_column fusion-builder-column-0 fusion_builder_column_2_3 2_3 fusion-flex-column\" style=\"--awb-bg-size:cover;--awb-width-large:66.666666666667%;--awb-margin-top-large:0px;--awb-spacing-right-large:2.88%;--awb-margin-bottom-large:20px;--awb-spacing-left-large:2.88%;--awb-width-medium:66.666666666667%;--awb-order-medium:0;--awb-spacing-right-medium:2.88%;--awb-spacing-left-medium:2.88%;--awb-width-small:100%;--awb-order-small:0;--awb-spacing-right-small:1.92%;--awb-spacing-left-small:1.92%;\"><div class=\"fusion-column-wrapper fusion-column-has-shadow fusion-flex-justify-content-flex-start fusion-content-layout-column\"><div class=\"fusion-progressbar\" style=\"--awb-maximum-value-wrapper-width:20%;\"><div class=\"fusion-progressbar-bar progress-bar progress-striped active\"><div class=\"progress progress-bar-content not-animated\" role=\"progressbar\" aria-labelledby=\"awb-progressbar-label-1\" aria-valuemin=\"0\" aria-valuemax=\"100\" aria-valuenow=\"80\" data-filling-speed=\"600\"><span class=\"progress-title awb-on-bar\"><span class=\"fusion-progressbar-text\" id=\"awb-progressbar-label-1\">V \u0159e\u0161en\u00ed!! bude hotovo v z\u00e1\u0159\u00ed\/\u0159\u00edjnu 2025!<\/span><\/span><\/div><span class=\"awb-pb-max-value-wrap awb-on-bar\"><span class=\"awb-pb-max-value-text\"><\/span><\/span><\/div><\/div><\/div><\/div><\/div><\/div>","protected":false},"excerpt":{"rendered":"","protected":false},"author":9249,"featured_media":0,"parent":0,"menu_order":0,"comment_status":"closed","ping_status":"closed","template":"100-width.php","meta":{"footnotes":""},"class_list":["post-14320","page","type-page","status-publish","hentry"],"_links":{"self":[{"href":"https:\/\/cksva.cz\/el\/wp-json\/wp\/v2\/pages\/14320","targetHints":{"allow":["GET"]}}],"collection":[{"href":"https:\/\/cksva.cz\/el\/wp-json\/wp\/v2\/pages"}],"about":[{"href":"https:\/\/cksva.cz\/el\/wp-json\/wp\/v2\/types\/page"}],"author":[{"embeddable":true,"href":"https:\/\/cksva.cz\/el\/wp-json\/wp\/v2\/users\/9249"}],"replies":[{"embeddable":true,"href":"https:\/\/cksva.cz\/el\/wp-json\/wp\/v2\/comments?post=14320"}],"version-history":[{"count":2,"href":"https:\/\/cksva.cz\/el\/wp-json\/wp\/v2\/pages\/14320\/revisions"}],"predecessor-version":[{"id":16723,"href":"https:\/\/cksva.cz\/el\/wp-json\/wp\/v2\/pages\/14320\/revisions\/16723"}],"wp:attachment":[{"href":"https:\/\/cksva.cz\/el\/wp-json\/wp\/v2\/media?parent=14320"}],"curies":[{"name":"wp","href":"https:\/\/api.w.org\/{rel}","templated":true}]}}